{"id":982,"date":"2024-08-29T13:46:56","date_gmt":"2024-08-29T11:46:56","guid":{"rendered":"https:\/\/aktsmok.pl\/?page_id=982"},"modified":"2025-09-03T18:11:47","modified_gmt":"2025-09-03T16:11:47","slug":"aktualnosci-karate-mszana-dolna-lubien-i-limanowa","status":"publish","type":"page","link":"https:\/\/aktsmok.pl\/index.php\/aktualnosci-karate-mszana-dolna-lubien-i-limanowa\/","title":{"rendered":"Aktualno\u015bci Klubu"},"content":{"rendered":"\t\t<div data-elementor-type=\"wp-page\" data-elementor-id=\"982\" class=\"elementor elementor-982\">\n\t\t\t\t<div class=\"elementor-element elementor-element-b19942d e-flex e-con-boxed e-con e-parent\" data-id=\"b19942d\" data-element_type=\"container\">\n\t\t\t\t\t<div class=\"e-con-inner\">\n\t\t\t\t<div class=\"elementor-element elementor-element-6ecd10f elementor-widget elementor-widget-image\" data-id=\"6ecd10f\" data-element_type=\"widget\" data-widget_type=\"image.default\">\n\t\t\t\t<div class=\"elementor-widget-container\">\n\t\t\t\t\t\t\t\t\t\t\t\t\t\t\t<img fetchpriority=\"high\" decoding=\"async\" width=\"724\" height=\"1024\" src=\"https:\/\/aktsmok.pl\/wp-content\/uploads\/2025\/09\/Mali-Ninja-ATK-smok-724x1024.png\" class=\"attachment-large size-large wp-image-1005\" alt=\"AKT smok grupy 2025\" srcset=\"https:\/\/aktsmok.pl\/wp-content\/uploads\/2025\/09\/Mali-Ninja-ATK-smok-724x1024.png 724w, https:\/\/aktsmok.pl\/wp-content\/uploads\/2025\/09\/Mali-Ninja-ATK-smok-212x300.png 212w, https:\/\/aktsmok.pl\/wp-content\/uploads\/2025\/09\/Mali-Ninja-ATK-smok-768x1086.png 768w, https:\/\/aktsmok.pl\/wp-content\/uploads\/2025\/09\/Mali-Ninja-ATK-smok-1086x1536.png 1086w, https:\/\/aktsmok.pl\/wp-content\/uploads\/2025\/09\/Mali-Ninja-ATK-smok-1000x1414.png 1000w, https:\/\/aktsmok.pl\/wp-content\/uploads\/2025\/09\/Mali-Ninja-ATK-smok-230x325.png 230w, https:\/\/aktsmok.pl\/wp-content\/uploads\/2025\/09\/Mali-Ninja-ATK-smok-350x495.png 350w, https:\/\/aktsmok.pl\/wp-content\/uploads\/2025\/09\/Mali-Ninja-ATK-smok-480x679.png 480w, https:\/\/aktsmok.pl\/wp-content\/uploads\/2025\/09\/Mali-Ninja-ATK-smok.png 1414w\" sizes=\"(max-width: 724px) 100vw, 724px\" \/>\t\t\t\t\t\t\t\t\t\t\t\t\t\t\t<\/div>\n\t\t\t\t<\/div>\n\t\t\t\t\t<\/div>\n\t\t\t\t<\/div>\n\t\t<div class=\"elementor-element elementor-element-0605d0c e-flex e-con-boxed e-con e-parent\" data-id=\"0605d0c\" data-element_type=\"container\">\n\t\t\t\t\t<div class=\"e-con-inner\">\n\t\t\t\t<div class=\"elementor-element elementor-element-b527788 elementor-widget elementor-widget-image\" data-id=\"b527788\" data-element_type=\"widget\" data-widget_type=\"image.default\">\n\t\t\t\t<div class=\"elementor-widget-container\">\n\t\t\t\t\t\t\t\t\t\t\t\t\t\t\t<img decoding=\"async\" width=\"1024\" height=\"722\" src=\"https:\/\/aktsmok.pl\/wp-content\/uploads\/2025\/09\/Grupy-karate-AKT-smok-v2025-1024x722.png\" class=\"attachment-large size-large wp-image-1006\" alt=\"AKT smok grafik 2025\" srcset=\"https:\/\/aktsmok.pl\/wp-content\/uploads\/2025\/09\/Grupy-karate-AKT-smok-v2025-1024x722.png 1024w, https:\/\/aktsmok.pl\/wp-content\/uploads\/2025\/09\/Grupy-karate-AKT-smok-v2025-300x212.png 300w, https:\/\/aktsmok.pl\/wp-content\/uploads\/2025\/09\/Grupy-karate-AKT-smok-v2025-768x542.png 768w, https:\/\/aktsmok.pl\/wp-content\/uploads\/2025\/09\/Grupy-karate-AKT-smok-v2025-1536x1083.png 1536w, https:\/\/aktsmok.pl\/wp-content\/uploads\/2025\/09\/Grupy-karate-AKT-smok-v2025-1000x705.png 1000w, https:\/\/aktsmok.pl\/wp-content\/uploads\/2025\/09\/Grupy-karate-AKT-smok-v2025-230x162.png 230w, https:\/\/aktsmok.pl\/wp-content\/uploads\/2025\/09\/Grupy-karate-AKT-smok-v2025-350x247.png 350w, https:\/\/aktsmok.pl\/wp-content\/uploads\/2025\/09\/Grupy-karate-AKT-smok-v2025-480x338.png 480w, https:\/\/aktsmok.pl\/wp-content\/uploads\/2025\/09\/Grupy-karate-AKT-smok-v2025.png 2048w\" sizes=\"(max-width: 1024px) 100vw, 1024px\" \/>\t\t\t\t\t\t\t\t\t\t\t\t\t\t\t<\/div>\n\t\t\t\t<\/div>\n\t\t\t\t\t<\/div>\n\t\t\t\t<\/div>\n\t\t\t\t<\/div>\n\t\t","protected":false},"excerpt":{"rendered":"","protected":false},"author":1,"featured_media":0,"parent":0,"menu_order":0,"comment_status":"closed","ping_status":"closed","template":"elementor_header_footer","meta":{"footnotes":""},"class_list":["post-982","page","type-page","status-publish","hentry"],"yoast_head":"<!-- This site is optimized with the Yoast SEO plugin v26.7 - https:\/\/yoast.com\/wordpress\/plugins\/seo\/ -->\n<title>Zapisy Karate: Mszana Dolna, Lubie\u0144 i Limanowa<\/title>\n<meta name=\"description\" content=\"Rozpoczynamy zapisy na zaj\u0119cia karate w Mszanie Dolnej, Lubniu i Limanowej. Skontaktuj si\u0119 z nami i zapisz swoje dziecko ju\u017c dzi\u015b!\" \/>\n<meta name=\"robots\" content=\"index, follow, max-snippet:-1, max-image-preview:large, max-video-preview:-1\" \/>\n<link rel=\"canonical\" href=\"https:\/\/aktsmok.pl\/index.php\/aktualnosci-karate-mszana-dolna-lubien-i-limanowa\/\" \/>\n<meta property=\"og:locale\" content=\"pl_PL\" \/>\n<meta property=\"og:type\" content=\"article\" \/>\n<meta property=\"og:title\" content=\"Zapisy Karate: Mszana Dolna, Lubie\u0144 i Limanowa\" \/>\n<meta property=\"og:description\" content=\"Rozpoczynamy zapisy na zaj\u0119cia karate w Mszanie Dolnej, Lubniu i Limanowej. Skontaktuj si\u0119 z nami i zapisz swoje dziecko ju\u017c dzi\u015b!\" \/>\n<meta property=\"og:url\" content=\"https:\/\/aktsmok.pl\/index.php\/aktualnosci-karate-mszana-dolna-lubien-i-limanowa\/\" \/>\n<meta property=\"og:site_name\" content=\"Akademia Karate Tradycyjnego Smok\" \/>\n<meta property=\"article:publisher\" content=\"https:\/\/www.facebook.com\/karatetradycyjnezkktmszanadolna\" \/>\n<meta property=\"article:modified_time\" content=\"2025-09-03T16:11:47+00:00\" \/>\n<meta property=\"og:image\" content=\"http:\/\/aktsmok.pl\/wp-content\/uploads\/2025\/09\/Mali-Ninja-ATK-smok-724x1024.png\" \/>\n<meta name=\"twitter:card\" content=\"summary_large_image\" \/>\n<meta name=\"twitter:label1\" content=\"Szacowany czas czytania\" \/>\n\t<meta name=\"twitter:data1\" content=\"1 minuta\" \/>\n<script type=\"application\/ld+json\" class=\"yoast-schema-graph\">{\"@context\":\"https:\/\/schema.org\",\"@graph\":[{\"@type\":\"WebPage\",\"@id\":\"https:\/\/aktsmok.pl\/index.php\/aktualnosci-karate-mszana-dolna-lubien-i-limanowa\/\",\"url\":\"https:\/\/aktsmok.pl\/index.php\/aktualnosci-karate-mszana-dolna-lubien-i-limanowa\/\",\"name\":\"Zapisy Karate: Mszana Dolna, Lubie\u0144 i Limanowa\",\"isPartOf\":{\"@id\":\"http:\/\/aktsmok.pl\/#website\"},\"primaryImageOfPage\":{\"@id\":\"https:\/\/aktsmok.pl\/index.php\/aktualnosci-karate-mszana-dolna-lubien-i-limanowa\/#primaryimage\"},\"image\":{\"@id\":\"https:\/\/aktsmok.pl\/index.php\/aktualnosci-karate-mszana-dolna-lubien-i-limanowa\/#primaryimage\"},\"thumbnailUrl\":\"http:\/\/aktsmok.pl\/wp-content\/uploads\/2025\/09\/Mali-Ninja-ATK-smok-724x1024.png\",\"datePublished\":\"2024-08-29T11:46:56+00:00\",\"dateModified\":\"2025-09-03T16:11:47+00:00\",\"description\":\"Rozpoczynamy zapisy na zaj\u0119cia karate w Mszanie Dolnej, Lubniu i Limanowej. Skontaktuj si\u0119 z nami i zapisz swoje dziecko ju\u017c dzi\u015b!\",\"breadcrumb\":{\"@id\":\"https:\/\/aktsmok.pl\/index.php\/aktualnosci-karate-mszana-dolna-lubien-i-limanowa\/#breadcrumb\"},\"inLanguage\":\"pl-PL\",\"potentialAction\":[{\"@type\":\"ReadAction\",\"target\":[\"https:\/\/aktsmok.pl\/index.php\/aktualnosci-karate-mszana-dolna-lubien-i-limanowa\/\"]}]},{\"@type\":\"ImageObject\",\"inLanguage\":\"pl-PL\",\"@id\":\"https:\/\/aktsmok.pl\/index.php\/aktualnosci-karate-mszana-dolna-lubien-i-limanowa\/#primaryimage\",\"url\":\"https:\/\/aktsmok.pl\/wp-content\/uploads\/2025\/09\/Mali-Ninja-ATK-smok.png\",\"contentUrl\":\"https:\/\/aktsmok.pl\/wp-content\/uploads\/2025\/09\/Mali-Ninja-ATK-smok.png\",\"width\":1414,\"height\":2000,\"caption\":\"AKT smok grupy 2025\"},{\"@type\":\"BreadcrumbList\",\"@id\":\"https:\/\/aktsmok.pl\/index.php\/aktualnosci-karate-mszana-dolna-lubien-i-limanowa\/#breadcrumb\",\"itemListElement\":[{\"@type\":\"ListItem\",\"position\":1,\"name\":\"Strona g\u0142\u00f3wna\",\"item\":\"https:\/\/aktsmok.pl\/\"},{\"@type\":\"ListItem\",\"position\":2,\"name\":\"Aktualno\u015bci Klubu\"}]},{\"@type\":\"WebSite\",\"@id\":\"http:\/\/aktsmok.pl\/#website\",\"url\":\"http:\/\/aktsmok.pl\/\",\"name\":\"Akademia Karate Tradycyjnego Smok\",\"description\":\"Treningi Karate Mszana Dolna, Lubie\u0144, Limanowa\",\"publisher\":{\"@id\":\"http:\/\/aktsmok.pl\/#organization\"},\"potentialAction\":[{\"@type\":\"SearchAction\",\"target\":{\"@type\":\"EntryPoint\",\"urlTemplate\":\"http:\/\/aktsmok.pl\/?s={search_term_string}\"},\"query-input\":{\"@type\":\"PropertyValueSpecification\",\"valueRequired\":true,\"valueName\":\"search_term_string\"}}],\"inLanguage\":\"pl-PL\"},{\"@type\":\"Organization\",\"@id\":\"http:\/\/aktsmok.pl\/#organization\",\"name\":\"Akademia Karate Tradycyjnego Smok\",\"url\":\"http:\/\/aktsmok.pl\/\",\"logo\":{\"@type\":\"ImageObject\",\"inLanguage\":\"pl-PL\",\"@id\":\"http:\/\/aktsmok.pl\/#\/schema\/logo\/image\/\",\"url\":\"https:\/\/aktsmok.pl\/wp-content\/uploads\/2024\/08\/cropped-akt-1.png\",\"contentUrl\":\"https:\/\/aktsmok.pl\/wp-content\/uploads\/2024\/08\/cropped-akt-1.png\",\"width\":300,\"height\":200,\"caption\":\"Akademia Karate Tradycyjnego Smok\"},\"image\":{\"@id\":\"http:\/\/aktsmok.pl\/#\/schema\/logo\/image\/\"},\"sameAs\":[\"https:\/\/www.facebook.com\/karatetradycyjnezkktmszanadolna\"]}]}<\/script>\n<!-- \/ Yoast SEO plugin. -->","yoast_head_json":{"title":"Zapisy Karate: Mszana Dolna, Lubie\u0144 i Limanowa","description":"Rozpoczynamy zapisy na zaj\u0119cia karate w Mszanie Dolnej, Lubniu i Limanowej. Skontaktuj si\u0119 z nami i zapisz swoje dziecko ju\u017c dzi\u015b!","robots":{"index":"index","follow":"follow","max-snippet":"max-snippet:-1","max-image-preview":"max-image-preview:large","max-video-preview":"max-video-preview:-1"},"canonical":"https:\/\/aktsmok.pl\/index.php\/aktualnosci-karate-mszana-dolna-lubien-i-limanowa\/","og_locale":"pl_PL","og_type":"article","og_title":"Zapisy Karate: Mszana Dolna, Lubie\u0144 i Limanowa","og_description":"Rozpoczynamy zapisy na zaj\u0119cia karate w Mszanie Dolnej, Lubniu i Limanowej. Skontaktuj si\u0119 z nami i zapisz swoje dziecko ju\u017c dzi\u015b!","og_url":"https:\/\/aktsmok.pl\/index.php\/aktualnosci-karate-mszana-dolna-lubien-i-limanowa\/","og_site_name":"Akademia Karate Tradycyjnego Smok","article_publisher":"https:\/\/www.facebook.com\/karatetradycyjnezkktmszanadolna","article_modified_time":"2025-09-03T16:11:47+00:00","og_image":[{"url":"http:\/\/aktsmok.pl\/wp-content\/uploads\/2025\/09\/Mali-Ninja-ATK-smok-724x1024.png","type":"","width":"","height":""}],"twitter_card":"summary_large_image","twitter_misc":{"Szacowany czas czytania":"1 minuta"},"schema":{"@context":"https:\/\/schema.org","@graph":[{"@type":"WebPage","@id":"https:\/\/aktsmok.pl\/index.php\/aktualnosci-karate-mszana-dolna-lubien-i-limanowa\/","url":"https:\/\/aktsmok.pl\/index.php\/aktualnosci-karate-mszana-dolna-lubien-i-limanowa\/","name":"Zapisy Karate: Mszana Dolna, Lubie\u0144 i Limanowa","isPartOf":{"@id":"http:\/\/aktsmok.pl\/#website"},"primaryImageOfPage":{"@id":"https:\/\/aktsmok.pl\/index.php\/aktualnosci-karate-mszana-dolna-lubien-i-limanowa\/#primaryimage"},"image":{"@id":"https:\/\/aktsmok.pl\/index.php\/aktualnosci-karate-mszana-dolna-lubien-i-limanowa\/#primaryimage"},"thumbnailUrl":"http:\/\/aktsmok.pl\/wp-content\/uploads\/2025\/09\/Mali-Ninja-ATK-smok-724x1024.png","datePublished":"2024-08-29T11:46:56+00:00","dateModified":"2025-09-03T16:11:47+00:00","description":"Rozpoczynamy zapisy na zaj\u0119cia karate w Mszanie Dolnej, Lubniu i Limanowej. Skontaktuj si\u0119 z nami i zapisz swoje dziecko ju\u017c dzi\u015b!","breadcrumb":{"@id":"https:\/\/aktsmok.pl\/index.php\/aktualnosci-karate-mszana-dolna-lubien-i-limanowa\/#breadcrumb"},"inLanguage":"pl-PL","potentialAction":[{"@type":"ReadAction","target":["https:\/\/aktsmok.pl\/index.php\/aktualnosci-karate-mszana-dolna-lubien-i-limanowa\/"]}]},{"@type":"ImageObject","inLanguage":"pl-PL","@id":"https:\/\/aktsmok.pl\/index.php\/aktualnosci-karate-mszana-dolna-lubien-i-limanowa\/#primaryimage","url":"https:\/\/aktsmok.pl\/wp-content\/uploads\/2025\/09\/Mali-Ninja-ATK-smok.png","contentUrl":"https:\/\/aktsmok.pl\/wp-content\/uploads\/2025\/09\/Mali-Ninja-ATK-smok.png","width":1414,"height":2000,"caption":"AKT smok grupy 2025"},{"@type":"BreadcrumbList","@id":"https:\/\/aktsmok.pl\/index.php\/aktualnosci-karate-mszana-dolna-lubien-i-limanowa\/#breadcrumb","itemListElement":[{"@type":"ListItem","position":1,"name":"Strona g\u0142\u00f3wna","item":"https:\/\/aktsmok.pl\/"},{"@type":"ListItem","position":2,"name":"Aktualno\u015bci Klubu"}]},{"@type":"WebSite","@id":"http:\/\/aktsmok.pl\/#website","url":"http:\/\/aktsmok.pl\/","name":"Akademia Karate Tradycyjnego Smok","description":"Treningi Karate Mszana Dolna, Lubie\u0144, Limanowa","publisher":{"@id":"http:\/\/aktsmok.pl\/#organization"},"potentialAction":[{"@type":"SearchAction","target":{"@type":"EntryPoint","urlTemplate":"http:\/\/aktsmok.pl\/?s={search_term_string}"},"query-input":{"@type":"PropertyValueSpecification","valueRequired":true,"valueName":"search_term_string"}}],"inLanguage":"pl-PL"},{"@type":"Organization","@id":"http:\/\/aktsmok.pl\/#organization","name":"Akademia Karate Tradycyjnego Smok","url":"http:\/\/aktsmok.pl\/","logo":{"@type":"ImageObject","inLanguage":"pl-PL","@id":"http:\/\/aktsmok.pl\/#\/schema\/logo\/image\/","url":"https:\/\/aktsmok.pl\/wp-content\/uploads\/2024\/08\/cropped-akt-1.png","contentUrl":"https:\/\/aktsmok.pl\/wp-content\/uploads\/2024\/08\/cropped-akt-1.png","width":300,"height":200,"caption":"Akademia Karate Tradycyjnego Smok"},"image":{"@id":"http:\/\/aktsmok.pl\/#\/schema\/logo\/image\/"},"sameAs":["https:\/\/www.facebook.com\/karatetradycyjnezkktmszanadolna"]}]}},"_links":{"self":[{"href":"https:\/\/aktsmok.pl\/index.php\/wp-json\/wp\/v2\/pages\/982","targetHints":{"allow":["GET"]}}],"collection":[{"href":"https:\/\/aktsmok.pl\/index.php\/wp-json\/wp\/v2\/pages"}],"about":[{"href":"https:\/\/aktsmok.pl\/index.php\/wp-json\/wp\/v2\/types\/page"}],"author":[{"embeddable":true,"href":"https:\/\/aktsmok.pl\/index.php\/wp-json\/wp\/v2\/users\/1"}],"replies":[{"embeddable":true,"href":"https:\/\/aktsmok.pl\/index.php\/wp-json\/wp\/v2\/comments?post=982"}],"version-history":[{"count":8,"href":"https:\/\/aktsmok.pl\/index.php\/wp-json\/wp\/v2\/pages\/982\/revisions"}],"predecessor-version":[{"id":1009,"href":"https:\/\/aktsmok.pl\/index.php\/wp-json\/wp\/v2\/pages\/982\/revisions\/1009"}],"wp:attachment":[{"href":"https:\/\/aktsmok.pl\/index.php\/wp-json\/wp\/v2\/media?parent=982"}],"curies":[{"name":"wp","href":"https:\/\/api.w.org\/{rel}","templated":true}]}}