{"id":556,"date":"2021-11-02T08:56:58","date_gmt":"2021-11-02T08:56:58","guid":{"rendered":"https:\/\/demo.athemes.com\/sydney-main\/?page_id=556"},"modified":"2025-03-30T07:40:55","modified_gmt":"2025-03-30T05:40:55","slug":"services","status":"publish","type":"page","link":"https:\/\/aktsmok.pl\/index.php\/services\/","title":{"rendered":"Dzia\u0142alno\u015b\u0107 klubu"},"content":{"rendered":"\t\t<div data-elementor-type=\"wp-page\" data-elementor-id=\"556\" class=\"elementor elementor-556\">\n\t\t\t\t<div class=\"elementor-element elementor-element-e8d7bb8 e-flex e-con-boxed e-con e-parent\" data-id=\"e8d7bb8\" data-element_type=\"container\">\n\t\t\t\t\t<div class=\"e-con-inner\">\n\t\t\t\t<div class=\"elementor-element elementor-element-03a4afd elementor-widget elementor-widget-heading\" data-id=\"03a4afd\" data-element_type=\"widget\" data-widget_type=\"heading.default\">\n\t\t\t\t<div class=\"elementor-widget-container\">\n\t\t\t\t\t<h1 class=\"elementor-heading-title elementor-size-default\">Sensei Oskar Drabiuk<\/h1>\t\t\t\t<\/div>\n\t\t\t\t<\/div>\n\t\t\t\t\t<\/div>\n\t\t\t\t<\/div>\n\t\t<div class=\"elementor-element elementor-element-f7e526a e-grid e-con-boxed e-con e-parent\" data-id=\"f7e526a\" data-element_type=\"container\">\n\t\t\t\t\t<div class=\"e-con-inner\">\n\t\t\t\t<div class=\"elementor-element elementor-element-d95b65e elementor-widget elementor-widget-image\" data-id=\"d95b65e\" data-element_type=\"widget\" data-widget_type=\"image.default\">\n\t\t\t\t<div class=\"elementor-widget-container\">\n\t\t\t\t\t\t\t\t\t\t\t\t\t\t\t<img fetchpriority=\"high\" decoding=\"async\" width=\"1024\" height=\"1024\" src=\"https:\/\/aktsmok.pl\/wp-content\/uploads\/2024\/08\/AKTtrener1-1024x1024.jpg\" class=\"attachment-large size-large wp-image-888\" alt=\"\" srcset=\"https:\/\/aktsmok.pl\/wp-content\/uploads\/2024\/08\/AKTtrener1-1024x1024.jpg 1024w, https:\/\/aktsmok.pl\/wp-content\/uploads\/2024\/08\/AKTtrener1-300x300.jpg 300w, https:\/\/aktsmok.pl\/wp-content\/uploads\/2024\/08\/AKTtrener1-150x150.jpg 150w, https:\/\/aktsmok.pl\/wp-content\/uploads\/2024\/08\/AKTtrener1-768x768.jpg 768w, https:\/\/aktsmok.pl\/wp-content\/uploads\/2024\/08\/AKTtrener1-1000x1000.jpg 1000w, https:\/\/aktsmok.pl\/wp-content\/uploads\/2024\/08\/AKTtrener1-230x230.jpg 230w, https:\/\/aktsmok.pl\/wp-content\/uploads\/2024\/08\/AKTtrener1-350x350.jpg 350w, https:\/\/aktsmok.pl\/wp-content\/uploads\/2024\/08\/AKTtrener1-480x480.jpg 480w, https:\/\/aktsmok.pl\/wp-content\/uploads\/2024\/08\/AKTtrener1.jpg 1474w\" sizes=\"(max-width: 1024px) 100vw, 1024px\" \/>\t\t\t\t\t\t\t\t\t\t\t\t\t\t\t<\/div>\n\t\t\t\t<\/div>\n\t\t\t\t<div class=\"elementor-element elementor-element-a902434 elementor-widget elementor-widget-text-editor\" data-id=\"a902434\" data-element_type=\"widget\" data-widget_type=\"text-editor.default\">\n\t\t\t\t<div class=\"elementor-widget-container\">\n\t\t\t\t\t\t\t\t\t<div dir=\"auto\" style=\"color: #ffffff; font-size: 23px;\">Sensei Oskar Drabiuk rozpocz\u0105\u0142 trening karate w wieku 11 lat pod okiem Senseia J\u00f3zefa R\u0105czki, jednego z pionier\u00f3w karate w Polsce, w zakopia\u0144skim klubie karate tradycyjnego, w swojej rodzinnej miejscowo\u015bci.<\/div>\n<div dir=\"auto\" style=\"color: #ffffff; font-size: 23px;\">&nbsp;<\/div>\n<div dir=\"auto\" style=\"color: #ffffff; font-size: 23px;\">W wieku 16-22 lat Sensei Oskar trenowa\u0142 tak\u017ce pod okiem Janusza Gacka, jednego z pierwszych instruktor\u00f3w i wychowanka Senseia J\u00f3zefa R\u0105czki, oraz w krakowskim klubie karate tradycyjnego u Senseia Rafa\u0142a Wajdy, wielokrotnego mistrza \u015bwiata.<\/div>\n<div dir=\"auto\" style=\"color: #ffffff; font-size: 23px;\">&nbsp;<\/div>\n<div dir=\"auto\" style=\"color: #ffffff; font-size: 23px;\">&nbsp;<\/div>\t\t\t\t\t\t\t\t<\/div>\n\t\t\t\t<\/div>\n\t\t\t\t\t<\/div>\n\t\t\t\t<\/div>\n\t\t<div class=\"elementor-element elementor-element-03267ff e-grid e-con-boxed e-con e-parent\" data-id=\"03267ff\" data-element_type=\"container\">\n\t\t\t\t\t<div class=\"e-con-inner\">\n\t\t\t\t<div class=\"elementor-element elementor-element-57c135e elementor-widget elementor-widget-image\" data-id=\"57c135e\" data-element_type=\"widget\" data-widget_type=\"image.default\">\n\t\t\t\t<div class=\"elementor-widget-container\">\n\t\t\t\t\t\t\t\t\t\t\t\t\t\t\t<img decoding=\"async\" width=\"1024\" height=\"1024\" src=\"https:\/\/aktsmok.pl\/wp-content\/uploads\/2024\/08\/AKTtrener3-1024x1024.jpg\" class=\"attachment-large size-large wp-image-877\" alt=\"Sekcja AKT Smok na zawodach\" srcset=\"https:\/\/aktsmok.pl\/wp-content\/uploads\/2024\/08\/AKTtrener3-1024x1024.jpg 1024w, https:\/\/aktsmok.pl\/wp-content\/uploads\/2024\/08\/AKTtrener3-300x300.jpg 300w, https:\/\/aktsmok.pl\/wp-content\/uploads\/2024\/08\/AKTtrener3-150x150.jpg 150w, https:\/\/aktsmok.pl\/wp-content\/uploads\/2024\/08\/AKTtrener3-768x768.jpg 768w, https:\/\/aktsmok.pl\/wp-content\/uploads\/2024\/08\/AKTtrener3-1000x1000.jpg 1000w, https:\/\/aktsmok.pl\/wp-content\/uploads\/2024\/08\/AKTtrener3-230x230.jpg 230w, https:\/\/aktsmok.pl\/wp-content\/uploads\/2024\/08\/AKTtrener3-350x350.jpg 350w, https:\/\/aktsmok.pl\/wp-content\/uploads\/2024\/08\/AKTtrener3-480x480.jpg 480w, https:\/\/aktsmok.pl\/wp-content\/uploads\/2024\/08\/AKTtrener3.jpg 1196w\" sizes=\"(max-width: 1024px) 100vw, 1024px\" \/>\t\t\t\t\t\t\t\t\t\t\t\t\t\t\t<\/div>\n\t\t\t\t<\/div>\n\t\t\t\t<div class=\"elementor-element elementor-element-c6165c1 elementor-widget elementor-widget-text-editor\" data-id=\"c6165c1\" data-element_type=\"widget\" data-widget_type=\"text-editor.default\">\n\t\t\t\t<div class=\"elementor-widget-container\">\n\t\t\t\t\t\t\t\t\t<div dir=\"auto\">Reprezentuj\u0105c w tym czasie niezmiennie barwy ZKKT, zdobywa\u0142 do\u015bwiadczenie i umiej\u0119tno\u015bci. W roku 2018 Sensej Oskar za\u0142o\u017cy\u0142 Akademi\u0119 Karate Tradycyjnego &#8222;Smok&#8221; pod patronatem Polskiego Zwi\u0105zku Karate Tradycyjnego.<\/div><div dir=\"auto\">\u00a0<\/div><div dir=\"auto\">Przez lata treningu Sensej Oskar wielokrotnie startowa\u0142 w zawodach regionalnych, og\u00f3lnopolskich i mi\u0119dzynarodowych, zdobywaj\u0105c kilkadziesi\u0105t medali, g\u0142\u00f3wnie w kumite (walce). Uprawnienia instruktora zdoby\u0142 w wieku 19 lat.\u00a0<\/div>\t\t\t\t\t\t\t\t<\/div>\n\t\t\t\t<\/div>\n\t\t\t\t\t<\/div>\n\t\t\t\t<\/div>\n\t\t<div class=\"elementor-element elementor-element-b1eedae e-grid e-con-boxed e-con e-parent\" data-id=\"b1eedae\" data-element_type=\"container\">\n\t\t\t\t\t<div class=\"e-con-inner\">\n\t\t\t\t<div class=\"elementor-element elementor-element-249bd32 elementor-widget elementor-widget-image\" data-id=\"249bd32\" data-element_type=\"widget\" data-widget_type=\"image.default\">\n\t\t\t\t<div class=\"elementor-widget-container\">\n\t\t\t\t\t\t\t\t\t\t\t\t\t\t\t<img decoding=\"async\" width=\"1024\" height=\"1024\" src=\"https:\/\/aktsmok.pl\/wp-content\/uploads\/2024\/08\/AKTtrener2-1024x1024.jpg\" class=\"attachment-large size-large wp-image-878\" alt=\"Trener z podopiecznymi\" srcset=\"https:\/\/aktsmok.pl\/wp-content\/uploads\/2024\/08\/AKTtrener2-1024x1024.jpg 1024w, https:\/\/aktsmok.pl\/wp-content\/uploads\/2024\/08\/AKTtrener2-300x300.jpg 300w, https:\/\/aktsmok.pl\/wp-content\/uploads\/2024\/08\/AKTtrener2-150x150.jpg 150w, https:\/\/aktsmok.pl\/wp-content\/uploads\/2024\/08\/AKTtrener2-768x768.jpg 768w, https:\/\/aktsmok.pl\/wp-content\/uploads\/2024\/08\/AKTtrener2-1000x1000.jpg 1000w, https:\/\/aktsmok.pl\/wp-content\/uploads\/2024\/08\/AKTtrener2-230x230.jpg 230w, https:\/\/aktsmok.pl\/wp-content\/uploads\/2024\/08\/AKTtrener2-350x350.jpg 350w, https:\/\/aktsmok.pl\/wp-content\/uploads\/2024\/08\/AKTtrener2-480x480.jpg 480w, https:\/\/aktsmok.pl\/wp-content\/uploads\/2024\/08\/AKTtrener2.jpg 1462w\" sizes=\"(max-width: 1024px) 100vw, 1024px\" \/>\t\t\t\t\t\t\t\t\t\t\t\t\t\t\t<\/div>\n\t\t\t\t<\/div>\n\t\t\t\t<div class=\"elementor-element elementor-element-a819904 elementor-widget elementor-widget-text-editor\" data-id=\"a819904\" data-element_type=\"widget\" data-widget_type=\"text-editor.default\">\n\t\t\t\t<div class=\"elementor-widget-container\">\n\t\t\t\t\t\t\t\t\t<p>W wieku 20 lat zda\u0142 egzamin na s\u0119dziego i obecnie posiada licencj\u0119 s\u0119dziego, mog\u0105cego s\u0119dziowa\u0107 zawody og\u00f3lnopolskie, takie jak mistrzostwa Polski.<\/p><p><span style=\"color: var( --e-global-color-text ); text-align: var(--text-align);\">Sensei Oskar wraz z uczniami od lat bierze udzia\u0142 w szkoleniach regionalnych i mi\u0119dzynarodowych, daj\u0105cych im mo\u017cliwo\u015b\u0107 trenowania z ikonami karate z ca\u0142ego \u015bwiata.&nbsp;<\/span><span style=\"color: var( --e-global-color-text ); text-align: var(--text-align);\">Karate to pasja, kt\u00f3ra w du\u017cej mierze ukszta\u0142towa\u0142a go jako cz\u0142owieka i sta\u0142a si\u0119 drog\u0105 na ca\u0142e \u017cycie.<\/span><\/p><p><span style=\"color: var( --e-global-color-text ); text-align: var(--text-align);\">&#8222;Ka\u017cdy z nas trenuje karate z r\u00f3\u017cnych powod\u00f3w; aby lepiej radzi\u0107 sobie z emocjami, pracowa\u0107 nad samodyscyplin\u0105, poprawi\u0107 sprawno\u015b\u0107 fizyczn\u0105, nawi\u0105za\u0107 nowe przyja\u017anie, lub po prostu dla zdrowia. Tym w\u0142a\u015bnie chce zara\u017ca\u0107 innych&#8221; \u2013 Sensei Oskar Drabiuk.<\/span><\/p>\t\t\t\t\t\t\t\t<\/div>\n\t\t\t\t<\/div>\n\t\t\t\t\t<\/div>\n\t\t\t\t<\/div>\n\t\t\t\t<\/div>\n\t\t","protected":false},"excerpt":{"rendered":"<p>Sensei Oskar Drabiuk Sensei Oskar Drabiuk rozpocz\u0105\u0142 trening karate w wieku 11 lat pod okiem Senseia J\u00f3zefa R\u0105czki, jednego z pionier\u00f3w karate [&hellip;]<\/p>\n","protected":false},"author":1,"featured_media":0,"parent":0,"menu_order":0,"comment_status":"closed","ping_status":"closed","template":"page-templates\/page_front-page.php","meta":{"footnotes":""},"class_list":["post-556","page","type-page","status-publish","hentry"],"yoast_head":"<!-- This site is optimized with the Yoast SEO plugin v26.7 - https:\/\/yoast.com\/wordpress\/plugins\/seo\/ -->\n<title>Dzia\u0142alno\u015b\u0107 klubu - Akademia Karate Tradycyjnego Smok<\/title>\n<meta name=\"robots\" content=\"index, follow, max-snippet:-1, max-image-preview:large, max-video-preview:-1\" \/>\n<link rel=\"canonical\" href=\"https:\/\/aktsmok.pl\/index.php\/services\/\" \/>\n<meta property=\"og:locale\" content=\"pl_PL\" \/>\n<meta property=\"og:type\" content=\"article\" \/>\n<meta property=\"og:title\" content=\"Dzia\u0142alno\u015b\u0107 klubu - Akademia Karate Tradycyjnego Smok\" \/>\n<meta property=\"og:description\" content=\"Sensei Oskar Drabiuk Sensei Oskar Drabiuk rozpocz\u0105\u0142 trening karate w wieku 11 lat pod okiem Senseia J\u00f3zefa R\u0105czki, jednego z pionier\u00f3w karate [&hellip;]\" \/>\n<meta property=\"og:url\" content=\"https:\/\/aktsmok.pl\/index.php\/services\/\" \/>\n<meta property=\"og:site_name\" content=\"Akademia Karate Tradycyjnego Smok\" \/>\n<meta property=\"article:publisher\" content=\"https:\/\/www.facebook.com\/karatetradycyjnezkktmszanadolna\" \/>\n<meta property=\"article:modified_time\" content=\"2025-03-30T05:40:55+00:00\" \/>\n<meta property=\"og:image\" content=\"http:\/\/aktsmok.pl\/wp-content\/uploads\/2024\/08\/AKTtrener1-1024x1024.jpg\" \/>\n<meta name=\"twitter:card\" content=\"summary_large_image\" \/>\n<meta name=\"twitter:label1\" content=\"Szacowany czas czytania\" \/>\n\t<meta name=\"twitter:data1\" content=\"2 minuty\" \/>\n<script type=\"application\/ld+json\" class=\"yoast-schema-graph\">{\"@context\":\"https:\/\/schema.org\",\"@graph\":[{\"@type\":\"WebPage\",\"@id\":\"https:\/\/aktsmok.pl\/index.php\/services\/\",\"url\":\"https:\/\/aktsmok.pl\/index.php\/services\/\",\"name\":\"Dzia\u0142alno\u015b\u0107 klubu - Akademia Karate Tradycyjnego Smok\",\"isPartOf\":{\"@id\":\"http:\/\/aktsmok.pl\/#website\"},\"primaryImageOfPage\":{\"@id\":\"https:\/\/aktsmok.pl\/index.php\/services\/#primaryimage\"},\"image\":{\"@id\":\"https:\/\/aktsmok.pl\/index.php\/services\/#primaryimage\"},\"thumbnailUrl\":\"http:\/\/aktsmok.pl\/wp-content\/uploads\/2024\/08\/AKTtrener1-1024x1024.jpg\",\"datePublished\":\"2021-11-02T08:56:58+00:00\",\"dateModified\":\"2025-03-30T05:40:55+00:00\",\"breadcrumb\":{\"@id\":\"https:\/\/aktsmok.pl\/index.php\/services\/#breadcrumb\"},\"inLanguage\":\"pl-PL\",\"potentialAction\":[{\"@type\":\"ReadAction\",\"target\":[\"https:\/\/aktsmok.pl\/index.php\/services\/\"]}]},{\"@type\":\"ImageObject\",\"inLanguage\":\"pl-PL\",\"@id\":\"https:\/\/aktsmok.pl\/index.php\/services\/#primaryimage\",\"url\":\"https:\/\/aktsmok.pl\/wp-content\/uploads\/2024\/08\/AKTtrener1.jpg\",\"contentUrl\":\"https:\/\/aktsmok.pl\/wp-content\/uploads\/2024\/08\/AKTtrener1.jpg\",\"width\":1474,\"height\":1474},{\"@type\":\"BreadcrumbList\",\"@id\":\"https:\/\/aktsmok.pl\/index.php\/services\/#breadcrumb\",\"itemListElement\":[{\"@type\":\"ListItem\",\"position\":1,\"name\":\"Strona g\u0142\u00f3wna\",\"item\":\"https:\/\/aktsmok.pl\/\"},{\"@type\":\"ListItem\",\"position\":2,\"name\":\"Dzia\u0142alno\u015b\u0107 klubu\"}]},{\"@type\":\"WebSite\",\"@id\":\"http:\/\/aktsmok.pl\/#website\",\"url\":\"http:\/\/aktsmok.pl\/\",\"name\":\"Akademia Karate Tradycyjnego Smok\",\"description\":\"Treningi Karate Mszana Dolna, Lubie\u0144, Limanowa\",\"publisher\":{\"@id\":\"http:\/\/aktsmok.pl\/#organization\"},\"potentialAction\":[{\"@type\":\"SearchAction\",\"target\":{\"@type\":\"EntryPoint\",\"urlTemplate\":\"http:\/\/aktsmok.pl\/?s={search_term_string}\"},\"query-input\":{\"@type\":\"PropertyValueSpecification\",\"valueRequired\":true,\"valueName\":\"search_term_string\"}}],\"inLanguage\":\"pl-PL\"},{\"@type\":\"Organization\",\"@id\":\"http:\/\/aktsmok.pl\/#organization\",\"name\":\"Akademia Karate Tradycyjnego Smok\",\"url\":\"http:\/\/aktsmok.pl\/\",\"logo\":{\"@type\":\"ImageObject\",\"inLanguage\":\"pl-PL\",\"@id\":\"http:\/\/aktsmok.pl\/#\/schema\/logo\/image\/\",\"url\":\"https:\/\/aktsmok.pl\/wp-content\/uploads\/2024\/08\/cropped-akt-1.png\",\"contentUrl\":\"https:\/\/aktsmok.pl\/wp-content\/uploads\/2024\/08\/cropped-akt-1.png\",\"width\":300,\"height\":200,\"caption\":\"Akademia Karate Tradycyjnego Smok\"},\"image\":{\"@id\":\"http:\/\/aktsmok.pl\/#\/schema\/logo\/image\/\"},\"sameAs\":[\"https:\/\/www.facebook.com\/karatetradycyjnezkktmszanadolna\"]}]}<\/script>\n<!-- \/ Yoast SEO plugin. -->","yoast_head_json":{"title":"Dzia\u0142alno\u015b\u0107 klubu - Akademia Karate Tradycyjnego Smok","robots":{"index":"index","follow":"follow","max-snippet":"max-snippet:-1","max-image-preview":"max-image-preview:large","max-video-preview":"max-video-preview:-1"},"canonical":"https:\/\/aktsmok.pl\/index.php\/services\/","og_locale":"pl_PL","og_type":"article","og_title":"Dzia\u0142alno\u015b\u0107 klubu - Akademia Karate Tradycyjnego Smok","og_description":"Sensei Oskar Drabiuk Sensei Oskar Drabiuk rozpocz\u0105\u0142 trening karate w wieku 11 lat pod okiem Senseia J\u00f3zefa R\u0105czki, jednego z pionier\u00f3w karate [&hellip;]","og_url":"https:\/\/aktsmok.pl\/index.php\/services\/","og_site_name":"Akademia Karate Tradycyjnego Smok","article_publisher":"https:\/\/www.facebook.com\/karatetradycyjnezkktmszanadolna","article_modified_time":"2025-03-30T05:40:55+00:00","og_image":[{"url":"http:\/\/aktsmok.pl\/wp-content\/uploads\/2024\/08\/AKTtrener1-1024x1024.jpg","type":"","width":"","height":""}],"twitter_card":"summary_large_image","twitter_misc":{"Szacowany czas czytania":"2 minuty"},"schema":{"@context":"https:\/\/schema.org","@graph":[{"@type":"WebPage","@id":"https:\/\/aktsmok.pl\/index.php\/services\/","url":"https:\/\/aktsmok.pl\/index.php\/services\/","name":"Dzia\u0142alno\u015b\u0107 klubu - Akademia Karate Tradycyjnego Smok","isPartOf":{"@id":"http:\/\/aktsmok.pl\/#website"},"primaryImageOfPage":{"@id":"https:\/\/aktsmok.pl\/index.php\/services\/#primaryimage"},"image":{"@id":"https:\/\/aktsmok.pl\/index.php\/services\/#primaryimage"},"thumbnailUrl":"http:\/\/aktsmok.pl\/wp-content\/uploads\/2024\/08\/AKTtrener1-1024x1024.jpg","datePublished":"2021-11-02T08:56:58+00:00","dateModified":"2025-03-30T05:40:55+00:00","breadcrumb":{"@id":"https:\/\/aktsmok.pl\/index.php\/services\/#breadcrumb"},"inLanguage":"pl-PL","potentialAction":[{"@type":"ReadAction","target":["https:\/\/aktsmok.pl\/index.php\/services\/"]}]},{"@type":"ImageObject","inLanguage":"pl-PL","@id":"https:\/\/aktsmok.pl\/index.php\/services\/#primaryimage","url":"https:\/\/aktsmok.pl\/wp-content\/uploads\/2024\/08\/AKTtrener1.jpg","contentUrl":"https:\/\/aktsmok.pl\/wp-content\/uploads\/2024\/08\/AKTtrener1.jpg","width":1474,"height":1474},{"@type":"BreadcrumbList","@id":"https:\/\/aktsmok.pl\/index.php\/services\/#breadcrumb","itemListElement":[{"@type":"ListItem","position":1,"name":"Strona g\u0142\u00f3wna","item":"https:\/\/aktsmok.pl\/"},{"@type":"ListItem","position":2,"name":"Dzia\u0142alno\u015b\u0107 klubu"}]},{"@type":"WebSite","@id":"http:\/\/aktsmok.pl\/#website","url":"http:\/\/aktsmok.pl\/","name":"Akademia Karate Tradycyjnego Smok","description":"Treningi Karate Mszana Dolna, Lubie\u0144, Limanowa","publisher":{"@id":"http:\/\/aktsmok.pl\/#organization"},"potentialAction":[{"@type":"SearchAction","target":{"@type":"EntryPoint","urlTemplate":"http:\/\/aktsmok.pl\/?s={search_term_string}"},"query-input":{"@type":"PropertyValueSpecification","valueRequired":true,"valueName":"search_term_string"}}],"inLanguage":"pl-PL"},{"@type":"Organization","@id":"http:\/\/aktsmok.pl\/#organization","name":"Akademia Karate Tradycyjnego Smok","url":"http:\/\/aktsmok.pl\/","logo":{"@type":"ImageObject","inLanguage":"pl-PL","@id":"http:\/\/aktsmok.pl\/#\/schema\/logo\/image\/","url":"https:\/\/aktsmok.pl\/wp-content\/uploads\/2024\/08\/cropped-akt-1.png","contentUrl":"https:\/\/aktsmok.pl\/wp-content\/uploads\/2024\/08\/cropped-akt-1.png","width":300,"height":200,"caption":"Akademia Karate Tradycyjnego Smok"},"image":{"@id":"http:\/\/aktsmok.pl\/#\/schema\/logo\/image\/"},"sameAs":["https:\/\/www.facebook.com\/karatetradycyjnezkktmszanadolna"]}]}},"_links":{"self":[{"href":"https:\/\/aktsmok.pl\/index.php\/wp-json\/wp\/v2\/pages\/556","targetHints":{"allow":["GET"]}}],"collection":[{"href":"https:\/\/aktsmok.pl\/index.php\/wp-json\/wp\/v2\/pages"}],"about":[{"href":"https:\/\/aktsmok.pl\/index.php\/wp-json\/wp\/v2\/types\/page"}],"author":[{"embeddable":true,"href":"https:\/\/aktsmok.pl\/index.php\/wp-json\/wp\/v2\/users\/1"}],"replies":[{"embeddable":true,"href":"https:\/\/aktsmok.pl\/index.php\/wp-json\/wp\/v2\/comments?post=556"}],"version-history":[{"count":28,"href":"https:\/\/aktsmok.pl\/index.php\/wp-json\/wp\/v2\/pages\/556\/revisions"}],"predecessor-version":[{"id":1002,"href":"https:\/\/aktsmok.pl\/index.php\/wp-json\/wp\/v2\/pages\/556\/revisions\/1002"}],"wp:attachment":[{"href":"https:\/\/aktsmok.pl\/index.php\/wp-json\/wp\/v2\/media?parent=556"}],"curies":[{"name":"wp","href":"https:\/\/api.w.org\/{rel}","templated":true}]}}